{"id":95,"date":"2020-03-28T09:27:44","date_gmt":"2020-03-28T09:27:44","guid":{"rendered":"https:\/\/jupiterx.artbees.net\/renovate\/?page_id=95"},"modified":"2024-09-29T20:36:31","modified_gmt":"2024-09-29T20:36:31","slug":"teenused","status":"publish","type":"page","link":"https:\/\/www.rrkorrashoid.ee\/en\/teenused\/","title":{"rendered":"Services"},"content":{"rendered":"<div data-elementor-type=\"wp-page\" data-elementor-id=\"95\" class=\"elementor elementor-95\">\n\t\t\t\t\t\t<section class=\"elementor-section elementor-top-section elementor-element elementor-element-b60c0e4 elementor-section-full_width elementor-section-height-default elementor-section-height-default\" data-id=\"b60c0e4\" data-element_type=\"section\" data-e-type=\"section\" data-settings=\"{&quot;jet_parallax_layout_list&quot;:[{&quot;jet_parallax_layout_image&quot;:{&quot;url&quot;:&quot;&quot;,&quot;id&quot;:&quot;&quot;,&quot;size&quot;:&quot;&quot;},&quot;_id&quot;:&quot;b9c0d11&quot;,&quot;jet_parallax_layout_image_tablet&quot;:{&quot;url&quot;:&quot;&quot;,&quot;id&quot;:&quot;&quot;,&quot;size&quot;:&quot;&quot;},&quot;jet_parallax_layout_image_mobile&quot;:{&quot;url&quot;:&quot;&quot;,&quot;id&quot;:&quot;&quot;,&quot;size&quot;:&quot;&quot;},&quot;jet_parallax_layout_speed&quot;:{&quot;unit&quot;:&quot;%&quot;,&quot;size&quot;:&quot;50&quot;,&quot;sizes&quot;:[]},&quot;jet_parallax_layout_bg_x&quot;:&quot;50&quot;,&quot;jet_parallax_layout_bg_y&quot;:&quot;50&quot;,&quot;jet_parallax_layout_type&quot;:&quot;scroll&quot;,&quot;jet_parallax_layout_direction&quot;:&quot;1&quot;,&quot;jet_parallax_layout_fx_direction&quot;:null,&quot;jet_parallax_layout_z_index&quot;:&quot;&quot;,&quot;jet_parallax_layout_bg_x_tablet&quot;:&quot;&quot;,&quot;jet_parallax_layout_bg_x_mobile&quot;:&quot;&quot;,&quot;jet_parallax_layout_bg_y_tablet&quot;:&quot;&quot;,&quot;jet_parallax_layout_bg_y_mobile&quot;:&quot;&quot;,&quot;jet_parallax_layout_bg_size&quot;:&quot;auto&quot;,&quot;jet_parallax_layout_bg_size_tablet&quot;:&quot;&quot;,&quot;jet_parallax_layout_bg_size_mobile&quot;:&quot;&quot;,&quot;jet_parallax_layout_animation_prop&quot;:&quot;transform&quot;,&quot;jet_parallax_layout_on&quot;:[&quot;desktop&quot;,&quot;tablet&quot;]}],&quot;background_background&quot;:&quot;classic&quot;}\">\n\t\t\t\t\t\t\t<div class=\"elementor-background-overlay\"><\/div>\n\t\t\t\t\t\t\t<div class=\"elementor-container elementor-column-gap-no\">\n\t\t\t\t\t<div class=\"elementor-column elementor-col-50 elementor-top-column elementor-element elementor-element-55a9e2b\" data-id=\"55a9e2b\" data-element_type=\"column\" data-e-type=\"column\">\n\t\t\t<div class=\"elementor-widget-wrap elementor-element-populated\">\n\t\t\t\t\t\t<div class=\"elementor-element elementor-element-6ef52ff elementor-widget elementor-widget-heading\" data-id=\"6ef52ff\" data-element_type=\"widget\" data-e-type=\"widget\" data-widget_type=\"heading.default\">\n\t\t\t\t<div class=\"elementor-widget-container\">\n\t\t\t\t\t<h1 class=\"elementor-heading-title elementor-size-default\">Services<\/h1>\t\t\t\t<\/div>\n\t\t\t\t<\/div>\n\t\t\t\t\t<\/div>\n\t\t<\/div>\n\t\t\t\t<div class=\"elementor-column elementor-col-50 elementor-top-column elementor-element elementor-element-1e4db5c\" data-id=\"1e4db5c\" data-element_type=\"column\" data-e-type=\"column\">\n\t\t\t<div class=\"elementor-widget-wrap\">\n\t\t\t\t\t\t\t<\/div>\n\t\t<\/div>\n\t\t\t\t\t<\/div>\n\t\t<\/section>\n\t\t\t\t<section class=\"elementor-section elementor-top-section elementor-element elementor-element-f9efeb9 elementor-section-boxed elementor-section-height-default elementor-section-height-default\" data-id=\"f9efeb9\" data-element_type=\"section\" data-e-type=\"section\" data-settings=\"{&quot;jet_parallax_layout_list&quot;:[{&quot;jet_parallax_layout_image&quot;:{&quot;url&quot;:&quot;&quot;,&quot;id&quot;:&quot;&quot;,&quot;size&quot;:&quot;&quot;},&quot;_id&quot;:&quot;0daa93e&quot;,&quot;jet_parallax_layout_image_tablet&quot;:{&quot;url&quot;:&quot;&quot;,&quot;id&quot;:&quot;&quot;,&quot;size&quot;:&quot;&quot;},&quot;jet_parallax_layout_image_mobile&quot;:{&quot;url&quot;:&quot;&quot;,&quot;id&quot;:&quot;&quot;,&quot;size&quot;:&quot;&quot;},&quot;jet_parallax_layout_speed&quot;:{&quot;unit&quot;:&quot;%&quot;,&quot;size&quot;:&quot;50&quot;,&quot;sizes&quot;:[]},&quot;jet_parallax_layout_bg_x&quot;:&quot;50&quot;,&quot;jet_parallax_layout_bg_y&quot;:&quot;50&quot;,&quot;jet_parallax_layout_type&quot;:&quot;scroll&quot;,&quot;jet_parallax_layout_direction&quot;:&quot;1&quot;,&quot;jet_parallax_layout_fx_direction&quot;:null,&quot;jet_parallax_layout_z_index&quot;:&quot;&quot;,&quot;jet_parallax_layout_bg_x_tablet&quot;:&quot;&quot;,&quot;jet_parallax_layout_bg_x_mobile&quot;:&quot;&quot;,&quot;jet_parallax_layout_bg_y_tablet&quot;:&quot;&quot;,&quot;jet_parallax_layout_bg_y_mobile&quot;:&quot;&quot;,&quot;jet_parallax_layout_bg_size&quot;:&quot;auto&quot;,&quot;jet_parallax_layout_bg_size_tablet&quot;:&quot;&quot;,&quot;jet_parallax_layout_bg_size_mobile&quot;:&quot;&quot;,&quot;jet_parallax_layout_animation_prop&quot;:&quot;transform&quot;,&quot;jet_parallax_layout_on&quot;:[&quot;desktop&quot;,&quot;tablet&quot;]}]}\">\n\t\t\t\t\t\t<div class=\"elementor-container elementor-column-gap-no\">\n\t\t\t\t\t<div class=\"elementor-column elementor-col-100 elementor-top-column elementor-element elementor-element-8a580e5\" data-id=\"8a580e5\" data-element_type=\"column\" data-e-type=\"column\">\n\t\t\t<div class=\"elementor-widget-wrap elementor-element-populated\">\n\t\t\t\t\t\t<div class=\"elementor-element elementor-element-00b0fbe elementor-widget elementor-widget-icon-box\" data-id=\"00b0fbe\" data-element_type=\"widget\" data-e-type=\"widget\" data-widget_type=\"icon-box.default\">\n\t\t\t\t<div class=\"elementor-widget-container\">\n\t\t\t\t\t\t\t<div class=\"elementor-icon-box-wrapper\">\n\n\t\t\t\n\t\t\t\t\t\t<div class=\"elementor-icon-box-content\">\n\n\t\t\t\t\t\t\t\t\t<h3 class=\"elementor-icon-box-title\">\n\t\t\t\t\t\t<span  >\n\t\t\t\t\t\t\tGeneral construction works\t\t\t\t\t\t<\/span>\n\t\t\t\t\t<\/h3>\n\t\t\t\t\n\t\t\t\t\t\t\t\t\t<p class=\"elementor-icon-box-description\">\n\t\t\t\t\t\tBe it the construction of a new building or the renovation and expansion of an existing one. With us, you can be sure that your construction project will be carried out with high quality and on time.\t\t\t\t\t<\/p>\n\t\t\t\t\n\t\t\t<\/div>\n\t\t\t\n\t\t<\/div>\n\t\t\t\t\t\t<\/div>\n\t\t\t\t<\/div>\n\t\t\t\t<div class=\"elementor-element elementor-element-17a4e5c elementor-widget elementor-widget-icon-box\" data-id=\"17a4e5c\" data-element_type=\"widget\" data-e-type=\"widget\" data-widget_type=\"icon-box.default\">\n\t\t\t\t<div class=\"elementor-widget-container\">\n\t\t\t\t\t\t\t<div class=\"elementor-icon-box-wrapper\">\n\n\t\t\t\n\t\t\t\t\t\t<div class=\"elementor-icon-box-content\">\n\n\t\t\t\t\t\t\t\t\t<h3 class=\"elementor-icon-box-title\">\n\t\t\t\t\t\t<span  >\n\t\t\t\t\t\t\tConcrete works\t\t\t\t\t\t<\/span>\n\t\t\t\t\t<\/h3>\n\t\t\t\t\n\t\t\t\t\t\t\t\t\t<p class=\"elementor-icon-box-description\">\n\t\t\t\t\t\tExperience of concrete work on construction sites of very different sizes. Our long-term experience guarantees that the concrete floor ordered from us will be completed quickly and with high quality.\t\t\t\t\t<\/p>\n\t\t\t\t\n\t\t\t<\/div>\n\t\t\t\n\t\t<\/div>\n\t\t\t\t\t\t<\/div>\n\t\t\t\t<\/div>\n\t\t\t\t<div class=\"elementor-element elementor-element-d331564 elementor-widget elementor-widget-icon-box\" data-id=\"d331564\" data-element_type=\"widget\" data-e-type=\"widget\" data-widget_type=\"icon-box.default\">\n\t\t\t\t<div class=\"elementor-widget-container\">\n\t\t\t\t\t\t\t<div class=\"elementor-icon-box-wrapper\">\n\n\t\t\t\n\t\t\t\t\t\t<div class=\"elementor-icon-box-content\">\n\n\t\t\t\t\t\t\t\t\t<h3 class=\"elementor-icon-box-title\">\n\t\t\t\t\t\t<span  >\n\t\t\t\t\t\t\tFacade work\t\t\t\t\t\t<\/span>\n\t\t\t\t\t<\/h3>\n\t\t\t\t\n\t\t\t\t\t\t\t\t\t<p class=\"elementor-icon-box-description\">\n\t\t\t\t\t\tFacade insulation and facade works\nInstallation of wooden facade, installation of fiber cement board, installation of facade sheet metal, installation of stone facade, installation of lamellar bricks. Installation of windows and doors and insulation and finishing of the plinth and foundation.\t\t\t\t\t<\/p>\n\t\t\t\t\n\t\t\t<\/div>\n\t\t\t\n\t\t<\/div>\n\t\t\t\t\t\t<\/div>\n\t\t\t\t<\/div>\n\t\t\t\t<div class=\"elementor-element elementor-element-e85ae1e elementor-widget elementor-widget-icon-box\" data-id=\"e85ae1e\" data-element_type=\"widget\" data-e-type=\"widget\" data-widget_type=\"icon-box.default\">\n\t\t\t\t<div class=\"elementor-widget-container\">\n\t\t\t\t\t\t\t<div class=\"elementor-icon-box-wrapper\">\n\n\t\t\t\n\t\t\t\t\t\t<div class=\"elementor-icon-box-content\">\n\n\t\t\t\t\t\t\t\t\t<h3 class=\"elementor-icon-box-title\">\n\t\t\t\t\t\t<span  >\n\t\t\t\t\t\t\tTerrace construction\t\t\t\t\t\t<\/span>\n\t\t\t\t\t<\/h3>\n\t\t\t\t\n\t\t\t\t\t\t\t\t\t<p class=\"elementor-icon-box-description\">\n\t\t\t\t\t\tThe terrace is the perfect place to start your day with breakfast or end the day positively.\nIf you feel that you want to build a terrace or maintain an existing one, contact us!<br>\n- Construction of terraces<br>\n- Oiling the terraces<br>\n- Maintenance work<br>\n- Painting\t\t\t\t\t<\/p>\n\t\t\t\t\n\t\t\t<\/div>\n\t\t\t\n\t\t<\/div>\n\t\t\t\t\t\t<\/div>\n\t\t\t\t<\/div>\n\t\t\t\t\t<\/div>\n\t\t<\/div>\n\t\t\t\t\t<\/div>\n\t\t<\/section>\n\t\t\t\t<\/div>","protected":false},"excerpt":{"rendered":"<p>Teenused \u00dcldehitust\u00f6\u00f6d Olgu see uue hoone ehitamine v\u00f5i olemasoleva renoveerimine ja laiendamine. Meiega saate kindlad olla, et Teie ehitusprojekt on kvaliteetselt ja ajaliselt t\u00e4pselt teostatud. Betoonit\u00f6\u00f6d Betoonit\u00f6\u00f6de kogemus v\u00e4ga erineva mahuga ehitusobjektidelt. Meie pikaajaline kogemus garanteerib, et meilt tellitud betoonp\u00f5rand valmib kiirelt ja kvaliteetselt. Fassaadit\u00f6\u00f6d Fassaadi soojustamine ja fassaadit\u00f6\u00f6d Puitfassaadi paigaldus, kiudtsementplaadi paigaldus, fassaadipleki paigaldus, [&hellip;]<\/p>","protected":false},"author":1,"featured_media":0,"parent":0,"menu_order":0,"comment_status":"closed","ping_status":"closed","template":"full-width.php","meta":{"_acf_changed":false,"footnotes":""},"class_list":["post-95","page","type-page","status-publish","hentry"],"acf":[],"yoast_head":"<!-- This site is optimized with the Yoast SEO Premium plugin v23.3 (Yoast SEO v27.2) - https:\/\/yoast.com\/product\/yoast-seo-premium-wordpress\/ -->\n<title>RR Korrashoid - Betoonit\u00f6\u00f6d Viljandimaal - Ehitust\u00f6\u00f6d, betoonit\u00f6\u00f6d, fassaadit\u00f6\u00f6d, terrassiehitus<\/title>\n<meta name=\"description\" content=\"Olgu see uue hoone ehitamine v\u00f5i olemasoleva renoveerimine ja laiendamine. Meiega saate kindlad olla, et Teie ehitusprojekt on kvaliteet...\" \/>\n<meta name=\"robots\" content=\"index, follow, max-snippet:-1, max-image-preview:large, max-video-preview:-1\" \/>\n<link rel=\"canonical\" href=\"https:\/\/www.rrkorrashoid.ee\/en\/teenused\/\" \/>\n<meta property=\"og:locale\" content=\"en_GB\" \/>\n<meta property=\"og:type\" content=\"article\" \/>\n<meta property=\"og:title\" content=\"Teenused\" \/>\n<meta property=\"og:description\" content=\"Olgu see uue hoone ehitamine v\u00f5i olemasoleva renoveerimine ja laiendamine. Meiega saate kindlad olla, et Teie ehitusprojekt on kvaliteet...\" \/>\n<meta property=\"og:url\" content=\"https:\/\/www.rrkorrashoid.ee\/en\/teenused\/\" \/>\n<meta property=\"og:site_name\" content=\"RR Korrashoid - Betoonit\u00f6\u00f6d Viljandimaal\" \/>\n<meta property=\"article:publisher\" content=\"https:\/\/www.facebook.com\/rrkorrashoid\" \/>\n<meta property=\"article:modified_time\" content=\"2024-09-29T20:36:31+00:00\" \/>\n<meta property=\"og:image\" content=\"https:\/\/www.rrkorrashoid.ee\/wp-content\/uploads\/2020\/03\/logo_k.png\" \/>\n\t<meta property=\"og:image:width\" content=\"2500\" \/>\n\t<meta property=\"og:image:height\" content=\"957\" \/>\n\t<meta property=\"og:image:type\" content=\"image\/png\" \/>\n<meta name=\"twitter:card\" content=\"summary_large_image\" \/>\n<meta name=\"twitter:label1\" content=\"Estimated reading time\" \/>\n\t<meta name=\"twitter:data1\" content=\"1 minute\" \/>\n<script type=\"application\/ld+json\" class=\"yoast-schema-graph\">{\"@context\":\"https:\/\/schema.org\",\"@graph\":[{\"@type\":\"WebPage\",\"@id\":\"https:\/\/www.rrkorrashoid.ee\/en\/teenused\/\",\"url\":\"https:\/\/www.rrkorrashoid.ee\/en\/teenused\/\",\"name\":\"RR Korrashoid - Betoonit\u00f6\u00f6d Viljandimaal - Ehitust\u00f6\u00f6d, betoonit\u00f6\u00f6d, fassaadit\u00f6\u00f6d, terrassiehitus\",\"isPartOf\":{\"@id\":\"http:\/\/www.rrkorrashoid.ee\/et\/#website\"},\"datePublished\":\"2020-03-28T09:27:44+00:00\",\"dateModified\":\"2024-09-29T20:36:31+00:00\",\"description\":\"Olgu see uue hoone ehitamine v\u00f5i olemasoleva renoveerimine ja laiendamine. Meiega saate kindlad olla, et Teie ehitusprojekt on kvaliteet...\",\"breadcrumb\":{\"@id\":\"https:\/\/www.rrkorrashoid.ee\/en\/teenused\/#breadcrumb\"},\"inLanguage\":\"en-GB\",\"potentialAction\":[{\"@type\":\"ReadAction\",\"target\":[\"https:\/\/www.rrkorrashoid.ee\/en\/teenused\/\"]}]},{\"@type\":\"BreadcrumbList\",\"@id\":\"https:\/\/www.rrkorrashoid.ee\/en\/teenused\/#breadcrumb\",\"itemListElement\":[{\"@type\":\"ListItem\",\"position\":1,\"name\":\"Avaleht\",\"item\":\"http:\/\/www.rrkorrashoid.ee\/et\/\"},{\"@type\":\"ListItem\",\"position\":2,\"name\":\"Teenused\"}]},{\"@type\":\"WebSite\",\"@id\":\"http:\/\/www.rrkorrashoid.ee\/et\/#website\",\"url\":\"http:\/\/www.rrkorrashoid.ee\/et\/\",\"name\":\"RR Korrashoid O\u00dc\",\"description\":\"\u00dcldehitus ja remondit\u00f6\u00f6d - Betoonit\u00f6\u00f6d Viljandimaal\",\"publisher\":{\"@id\":\"http:\/\/www.rrkorrashoid.ee\/et\/#organization\"},\"alternateName\":\"\u00dcldehitus ja remondit\u00f6\u00f6d - Betoonit\u00f6\u00f6d Viljandimaal\",\"potentialAction\":[{\"@type\":\"SearchAction\",\"target\":{\"@type\":\"EntryPoint\",\"urlTemplate\":\"http:\/\/www.rrkorrashoid.ee\/et\/?s={search_term_string}\"},\"query-input\":{\"@type\":\"PropertyValueSpecification\",\"valueRequired\":true,\"valueName\":\"search_term_string\"}}],\"inLanguage\":\"en-GB\"},{\"@type\":\"Organization\",\"@id\":\"http:\/\/www.rrkorrashoid.ee\/et\/#organization\",\"name\":\"RR Korrashoid O\u00dc\",\"alternateName\":\"\u00dcldehitus ja remondit\u00f6\u00f6d - Betoonit\u00f6\u00f6d Viljandimaal\",\"url\":\"http:\/\/www.rrkorrashoid.ee\/et\/\",\"logo\":{\"@type\":\"ImageObject\",\"inLanguage\":\"en-GB\",\"@id\":\"http:\/\/www.rrkorrashoid.ee\/et\/#\/schema\/logo\/image\/\",\"url\":\"https:\/\/rrkorrashoid.ee\/wp-content\/uploads\/2020\/03\/logo_k.png\",\"contentUrl\":\"https:\/\/rrkorrashoid.ee\/wp-content\/uploads\/2020\/03\/logo_k.png\",\"width\":2500,\"height\":957,\"caption\":\"RR Korrashoid O\u00dc\"},\"image\":{\"@id\":\"http:\/\/www.rrkorrashoid.ee\/et\/#\/schema\/logo\/image\/\"},\"sameAs\":[\"https:\/\/www.facebook.com\/rrkorrashoid\"],\"description\":\"\u00dcldehitus ja remondit\u00f6\u00f6d - Betoonit\u00f6\u00f6d Viljandimaal\",\"email\":\"rrkorrashoid@gmail.com\",\"telephone\":\"+372 555 888 04\",\"foundingDate\":\"2011-11-18\"}]}<\/script>\n<!-- \/ Yoast SEO Premium plugin. -->","yoast_head_json":{"title":"RR Korrashoid - Betoonit\u00f6\u00f6d Viljandimaal - Ehitust\u00f6\u00f6d, betoonit\u00f6\u00f6d, fassaadit\u00f6\u00f6d, terrassiehitus","description":"Olgu see uue hoone ehitamine v\u00f5i olemasoleva renoveerimine ja laiendamine. Meiega saate kindlad olla, et Teie ehitusprojekt on kvaliteet...","robots":{"index":"index","follow":"follow","max-snippet":"max-snippet:-1","max-image-preview":"max-image-preview:large","max-video-preview":"max-video-preview:-1"},"canonical":"https:\/\/www.rrkorrashoid.ee\/en\/teenused\/","og_locale":"en_GB","og_type":"article","og_title":"Teenused","og_description":"Olgu see uue hoone ehitamine v\u00f5i olemasoleva renoveerimine ja laiendamine. Meiega saate kindlad olla, et Teie ehitusprojekt on kvaliteet...","og_url":"https:\/\/www.rrkorrashoid.ee\/en\/teenused\/","og_site_name":"RR Korrashoid - Betoonit\u00f6\u00f6d Viljandimaal","article_publisher":"https:\/\/www.facebook.com\/rrkorrashoid","article_modified_time":"2024-09-29T20:36:31+00:00","og_image":[{"width":2500,"height":957,"url":"https:\/\/www.rrkorrashoid.ee\/wp-content\/uploads\/2020\/03\/logo_k.png","type":"image\/png"}],"twitter_card":"summary_large_image","twitter_misc":{"Estimated reading time":"1 minute"},"schema":{"@context":"https:\/\/schema.org","@graph":[{"@type":"WebPage","@id":"https:\/\/www.rrkorrashoid.ee\/en\/teenused\/","url":"https:\/\/www.rrkorrashoid.ee\/en\/teenused\/","name":"RR Korrashoid - Betoonit\u00f6\u00f6d Viljandimaal - Ehitust\u00f6\u00f6d, betoonit\u00f6\u00f6d, fassaadit\u00f6\u00f6d, terrassiehitus","isPartOf":{"@id":"http:\/\/www.rrkorrashoid.ee\/et\/#website"},"datePublished":"2020-03-28T09:27:44+00:00","dateModified":"2024-09-29T20:36:31+00:00","description":"Olgu see uue hoone ehitamine v\u00f5i olemasoleva renoveerimine ja laiendamine. Meiega saate kindlad olla, et Teie ehitusprojekt on kvaliteet...","breadcrumb":{"@id":"https:\/\/www.rrkorrashoid.ee\/en\/teenused\/#breadcrumb"},"inLanguage":"en-GB","potentialAction":[{"@type":"ReadAction","target":["https:\/\/www.rrkorrashoid.ee\/en\/teenused\/"]}]},{"@type":"BreadcrumbList","@id":"https:\/\/www.rrkorrashoid.ee\/en\/teenused\/#breadcrumb","itemListElement":[{"@type":"ListItem","position":1,"name":"Avaleht","item":"http:\/\/www.rrkorrashoid.ee\/et\/"},{"@type":"ListItem","position":2,"name":"Teenused"}]},{"@type":"WebSite","@id":"http:\/\/www.rrkorrashoid.ee\/et\/#website","url":"http:\/\/www.rrkorrashoid.ee\/et\/","name":"RR Korrashoid O\u00dc","description":"\u00dcldehitus ja remondit\u00f6\u00f6d - Betoonit\u00f6\u00f6d Viljandimaal","publisher":{"@id":"http:\/\/www.rrkorrashoid.ee\/et\/#organization"},"alternateName":"\u00dcldehitus ja remondit\u00f6\u00f6d - Betoonit\u00f6\u00f6d Viljandimaal","potentialAction":[{"@type":"SearchAction","target":{"@type":"EntryPoint","urlTemplate":"http:\/\/www.rrkorrashoid.ee\/et\/?s={search_term_string}"},"query-input":{"@type":"PropertyValueSpecification","valueRequired":true,"valueName":"search_term_string"}}],"inLanguage":"en-GB"},{"@type":"Organization","@id":"http:\/\/www.rrkorrashoid.ee\/et\/#organization","name":"RR Korrashoid O\u00dc","alternateName":"\u00dcldehitus ja remondit\u00f6\u00f6d - Betoonit\u00f6\u00f6d Viljandimaal","url":"http:\/\/www.rrkorrashoid.ee\/et\/","logo":{"@type":"ImageObject","inLanguage":"en-GB","@id":"http:\/\/www.rrkorrashoid.ee\/et\/#\/schema\/logo\/image\/","url":"https:\/\/rrkorrashoid.ee\/wp-content\/uploads\/2020\/03\/logo_k.png","contentUrl":"https:\/\/rrkorrashoid.ee\/wp-content\/uploads\/2020\/03\/logo_k.png","width":2500,"height":957,"caption":"RR Korrashoid O\u00dc"},"image":{"@id":"http:\/\/www.rrkorrashoid.ee\/et\/#\/schema\/logo\/image\/"},"sameAs":["https:\/\/www.facebook.com\/rrkorrashoid"],"description":"\u00dcldehitus ja remondit\u00f6\u00f6d - Betoonit\u00f6\u00f6d Viljandimaal","email":"rrkorrashoid@gmail.com","telephone":"+372 555 888 04","foundingDate":"2011-11-18"}]}},"_links":{"self":[{"href":"https:\/\/www.rrkorrashoid.ee\/en\/wp-json\/wp\/v2\/pages\/95","targetHints":{"allow":["GET"]}}],"collection":[{"href":"https:\/\/www.rrkorrashoid.ee\/en\/wp-json\/wp\/v2\/pages"}],"about":[{"href":"https:\/\/www.rrkorrashoid.ee\/en\/wp-json\/wp\/v2\/types\/page"}],"author":[{"embeddable":true,"href":"https:\/\/www.rrkorrashoid.ee\/en\/wp-json\/wp\/v2\/users\/1"}],"replies":[{"embeddable":true,"href":"https:\/\/www.rrkorrashoid.ee\/en\/wp-json\/wp\/v2\/comments?post=95"}],"version-history":[{"count":5,"href":"https:\/\/www.rrkorrashoid.ee\/en\/wp-json\/wp\/v2\/pages\/95\/revisions"}],"predecessor-version":[{"id":1131,"href":"https:\/\/www.rrkorrashoid.ee\/en\/wp-json\/wp\/v2\/pages\/95\/revisions\/1131"}],"wp:attachment":[{"href":"https:\/\/www.rrkorrashoid.ee\/en\/wp-json\/wp\/v2\/media?parent=95"}],"curies":[{"name":"wp","href":"https:\/\/api.w.org\/{rel}","templated":true}]}}